{"id":2,"date":"2017-03-19T14:36:06","date_gmt":"2017-03-19T13:36:06","guid":{"rendered":"http:\/\/www.karateneuvilleenferrain.org\/NEW_CMS\/?page_id=2"},"modified":"2025-09-02T14:03:09","modified_gmt":"2025-09-02T12:03:09","slug":"equipe_pedagogique","status":"publish","type":"page","link":"https:\/\/www.karateneuvilleenferrain.org\/NEW_CMS\/notreassociation\/equipe_pedagogique\/","title":{"rendered":"Le professeur et l&rsquo;\u00e9quipe p\u00e9dagogique"},"content":{"rendered":"<div align=\"left\"><strong>Christian LERMUSIAUX<img loading=\"lazy\" decoding=\"async\" class=\"alignleft wp-image-245 size-full\" src=\"https:\/\/www.karateneuvilleenferrain.org\/NEW_CMS\/wp-content\/uploads\/2017\/03\/LERMUSIAUX.jpg\" alt=\"\" width=\"253\" height=\"586\" srcset=\"https:\/\/www.karateneuvilleenferrain.org\/NEW_CMS\/wp-content\/uploads\/2017\/03\/LERMUSIAUX.jpg 253w, https:\/\/www.karateneuvilleenferrain.org\/NEW_CMS\/wp-content\/uploads\/2017\/03\/LERMUSIAUX-130x300.jpg 130w\" sizes=\"auto, (max-width: 253px) 100vw, 253px\" \/><\/strong><\/div>\n<ul>\n<li>Directeur technique du SKN, 6\u00e8me DAN<\/li>\n<li>Professeur Dipl\u00f4m\u00e9 d&rsquo;Etat\u00a0\u00ab\u00a0BEES1 &#8211; DEJEPS\u00a0\u00bb<\/li>\n<li>6\u00e8me dan de Karat\u00e9 Shotokan (FFKARATE)<\/li>\n<li>Dipl\u00f4m\u00e9 du Japon &#8211; Stagiaire \u00e0 Tokyo en 1996<\/li>\n<li>M\u00e9daill\u00e9 du Minist\u00e8re Jeunesse et Sports<\/li>\n<li>plus de 40 ans de pratique<\/li>\n<\/ul>\n<div><strong>Son parcours:<\/strong><\/div>\n<div><strong>1974<\/strong> : Christian d\u00e9bute dans les Arts Martiaux par le Judo avec Monsieur Roland NOTREDAME.<\/div>\n<div style=\"text-align: left;\" align=\"justify\"><strong>1976<\/strong> : Il commence le Karat\u00e9 et les autres Arts Martiaux Japonais avec Monsieur Robert BOUDREZ, professeur en Jodo(b\u00e2ton), A\u00efkido, Ia\u00efdo, et Karat\u00e9-do.<\/div>\n<div align=\"justify\">\n<p style=\"text-align: left;\"><strong>Depuis 1977<\/strong> : a suivi l&rsquo;enseignement de Ke\u00efchi KASAJIMA, 6\u00e8me dan JKA (Professionnel de Karat\u00e9 \u00e0 Bruxelles) qui l&rsquo;introduit aupr\u00e8s\u00a0des grands Ma\u00eetres<\/p>\n<p style=\"text-align: left;\">Ta\u00efji KASE, Satoshi MIYAZAKI&#8230;<\/p>\n<p style=\"text-align: left;\"><strong>Depuis 1995<\/strong> a r\u00e9guli\u00e8rement suivi Jos\u00e9 HERNANDEZ 8\u00e8me dan, gr\u00e2ce auquel il participe, en 1996, \u00e0 un grand stage au Japon avec Shihan Minoru KAWAWADA, l&rsquo;h\u00e9ritier du Dojo du Ma\u00eetre Fondateur<\/p>\n<p>Il organise de nombreux stages avec les experts de la f\u00e9d\u00e9ration fran\u00e7aise de Karat\u00e9, mais participe \u00e9galement aux stages organis\u00e9s par la JKA et d&rsquo;autres f\u00e9d\u00e9rations internationales.<\/p>\n<p style=\"text-align: right;\"><em><strong><a href=\"https:\/\/www.karateneuvilleenferrain.org\/NEW_CMS\/wp-content\/uploads\/2019\/09\/20150221_Interview_Lermusiaux.pdf\">Une interview de Christian, son regard sur le karat\u00e9<\/a><\/strong><\/em><\/p>\n<\/div>\n<p><strong>Les instructeurs dipl\u00f4m\u00e9s:<\/strong><\/p>\n<p><strong>D\u00e9borah Drouy, <\/strong>4\u00e8me DAN, DIF, TFP<\/p>\n<p><strong>Jerome Woznica, <\/strong>4\u00e8me DAN, DIF, CQP<\/p>\n<div align=\"justify\">\n<div align=\"justify\">\n<p><strong style=\"font-size: revert;\">Olivier Ghesqui\u00e8re, <\/strong>2\u00e8me<span style=\"font-size: revert;\"> DAN, DAF<\/span><\/p>\n<\/div>\n<\/div>\n<p><strong>Dewyndt Eddy,<\/strong> 3\u00e8me DAN, DIF, Coach national<\/p>\n<p><strong>Ringot Didier<\/strong>, 3\u00e8me DAN JKA, ancien instructeur, 40 ans de pratique<\/p>\n<p><strong>Benoit Bossut<\/strong>, 2\u00e8me DAN<\/p>\n<p><strong>Emmanuel Dupont, <\/strong>1er DAN, DIF<\/p>\n<p>Et nos jeunes assistants dipl\u00f4m\u00e9s<\/p>\n<p><strong>Juliette Rohart, <\/strong>1er DAN, AFA<\/p>\n<p><strong>Lilian Ghesqui\u00e8re, <\/strong>1er DAN,\u00a0AFA<\/p>\n","protected":false},"excerpt":{"rendered":"<p>Christian LERMUSIAUX Directeur technique du SKN, 6\u00e8me DAN Professeur Dipl\u00f4m\u00e9 d&rsquo;Etat\u00a0\u00ab\u00a0BEES1 &#8211; DEJEPS\u00a0\u00bb 6\u00e8me dan de Karat\u00e9 Shotokan (FFKARATE) Dipl\u00f4m\u00e9 du Japon &#8211; Stagiaire \u00e0 Tokyo en 1996 M\u00e9daill\u00e9 du Minist\u00e8re Jeunesse et Sports plus de 40 ans de pratique Son parcours: 1974 : Christian d\u00e9bute dans les Arts Martiaux par le Judo avec Monsieur &hellip; <\/p>\n<p class=\"link-more\"><a href=\"https:\/\/www.karateneuvilleenferrain.org\/NEW_CMS\/notreassociation\/equipe_pedagogique\/\" class=\"more-link\">Continuer la lecture<span class=\"screen-reader-text\"> de &laquo;&nbsp;Le professeur et l&rsquo;\u00e9quipe p\u00e9dagogique&nbsp;&raquo;<\/span><\/a><\/p>\n","protected":false},"author":1,"featured_media":0,"parent":8,"menu_order":2,"comment_status":"closed","ping_status":"open","template":"","meta":{"footnotes":""},"class_list":["post-2","page","type-page","status-publish","hentry"],"aioseo_notices":[],"_links":{"self":[{"href":"https:\/\/www.karateneuvilleenferrain.org\/NEW_CMS\/wp-json\/wp\/v2\/pages\/2","targetHints":{"allow":["GET"]}}],"collection":[{"href":"https:\/\/www.karateneuvilleenferrain.org\/NEW_CMS\/wp-json\/wp\/v2\/pages"}],"about":[{"href":"https:\/\/www.karateneuvilleenferrain.org\/NEW_CMS\/wp-json\/wp\/v2\/types\/page"}],"author":[{"embeddable":true,"href":"https:\/\/www.karateneuvilleenferrain.org\/NEW_CMS\/wp-json\/wp\/v2\/users\/1"}],"replies":[{"embeddable":true,"href":"https:\/\/www.karateneuvilleenferrain.org\/NEW_CMS\/wp-json\/wp\/v2\/comments?post=2"}],"version-history":[{"count":34,"href":"https:\/\/www.karateneuvilleenferrain.org\/NEW_CMS\/wp-json\/wp\/v2\/pages\/2\/revisions"}],"predecessor-version":[{"id":880,"href":"https:\/\/www.karateneuvilleenferrain.org\/NEW_CMS\/wp-json\/wp\/v2\/pages\/2\/revisions\/880"}],"up":[{"embeddable":true,"href":"https:\/\/www.karateneuvilleenferrain.org\/NEW_CMS\/wp-json\/wp\/v2\/pages\/8"}],"wp:attachment":[{"href":"https:\/\/www.karateneuvilleenferrain.org\/NEW_CMS\/wp-json\/wp\/v2\/media?parent=2"}],"curies":[{"name":"wp","href":"https:\/\/api.w.org\/{rel}","templated":true}]}}