{"id":316,"date":"2017-10-23T12:45:04","date_gmt":"2017-10-23T10:45:04","guid":{"rendered":"http:\/\/www.karateneuvilleenferrain.org\/NEW_CMS\/?page_id=316"},"modified":"2025-02-19T10:30:23","modified_gmt":"2025-02-19T09:30:23","slug":"stages","status":"publish","type":"page","link":"https:\/\/www.karateneuvilleenferrain.org\/NEW_CMS\/stages\/","title":{"rendered":"Stages"},"content":{"rendered":"\n<h1 class=\"wp-block-heading\">Vous trouverez ici les informations sur les stages que nous organisons.<\/h1>\n\n\n\n<h1 class=\"wp-block-heading\"><strong>LE JEUDI 6 MARS 2025:\u00a0 <strong><strong>KAZUHIRO SAWADA SHIHAN, 8EME DAN <\/strong><\/strong>JKA<\/strong><\/h1>\n\n\n\n<figure class=\"wp-block-image size-full\"><img loading=\"lazy\" decoding=\"async\" width=\"716\" height=\"600\" src=\"https:\/\/www.karateneuvilleenferrain.org\/NEW_CMS\/wp-content\/uploads\/2025\/02\/20250219_SAWADA.png\" alt=\"\" class=\"wp-image-839\" srcset=\"https:\/\/www.karateneuvilleenferrain.org\/NEW_CMS\/wp-content\/uploads\/2025\/02\/20250219_SAWADA.png 716w, https:\/\/www.karateneuvilleenferrain.org\/NEW_CMS\/wp-content\/uploads\/2025\/02\/20250219_SAWADA-300x251.png 300w\" sizes=\"auto, (max-width: 716px) 100vw, 716px\" \/><\/figure>\n\n\n\n<h1 class=\"wp-block-heading\"><strong>LE DIMANCHE 16 FEVRIER 2025:&nbsp; JEAN LOUIS MOREL, 8EME DAN FFKARATE, EXPERT FEDERAL<\/strong><\/h1>\n\n\n\n<figure class=\"wp-block-image size-full is-resized\"><img loading=\"lazy\" decoding=\"async\" width=\"543\" height=\"455\" src=\"https:\/\/www.karateneuvilleenferrain.org\/NEW_CMS\/wp-content\/uploads\/2025\/01\/jean-louis-morel.jpg\" alt=\"\" class=\"wp-image-825\" style=\"width:674px;height:auto\" srcset=\"https:\/\/www.karateneuvilleenferrain.org\/NEW_CMS\/wp-content\/uploads\/2025\/01\/jean-louis-morel.jpg 543w, https:\/\/www.karateneuvilleenferrain.org\/NEW_CMS\/wp-content\/uploads\/2025\/01\/jean-louis-morel-300x251.jpg 300w\" sizes=\"auto, (max-width: 543px) 100vw, 543px\" \/><\/figure>\n\n\n\n<h1 class=\"wp-block-heading\"><strong><strong>LE JEUDI 16 MAI 2024:&nbsp; KAZUHIRO SAWADA SHIHAN, 8EME DAN JKA<\/strong><\/strong><\/h1>\n\n\n\n<figure class=\"wp-block-image size-full\"><img loading=\"lazy\" decoding=\"async\" width=\"940\" height=\"788\" src=\"https:\/\/www.karateneuvilleenferrain.org\/NEW_CMS\/wp-content\/uploads\/2024\/04\/SAWADA-KAZUHIRO-16-MAI.jpg\" alt=\"\" class=\"wp-image-796\" srcset=\"https:\/\/www.karateneuvilleenferrain.org\/NEW_CMS\/wp-content\/uploads\/2024\/04\/SAWADA-KAZUHIRO-16-MAI.jpg 940w, https:\/\/www.karateneuvilleenferrain.org\/NEW_CMS\/wp-content\/uploads\/2024\/04\/SAWADA-KAZUHIRO-16-MAI-300x251.jpg 300w, https:\/\/www.karateneuvilleenferrain.org\/NEW_CMS\/wp-content\/uploads\/2024\/04\/SAWADA-KAZUHIRO-16-MAI-768x644.jpg 768w\" sizes=\"auto, (max-width: 767px) 89vw, (max-width: 1000px) 54vw, (max-width: 1071px) 543px, 580px\" \/><\/figure>\n\n\n\n<h1 class=\"wp-block-heading\"><strong>LE SAMEDI 13 ET LE DIMANCHE 14 JANVIER 2024:&nbsp; ADNANN EL HAKIMI<\/strong><\/h1>\n\n\n\n<figure class=\"wp-block-image size-large\"><img loading=\"lazy\" decoding=\"async\" width=\"724\" height=\"1024\" src=\"https:\/\/www.karateneuvilleenferrain.org\/NEW_CMS\/wp-content\/uploads\/2023\/12\/386472576_1408190819901177_6546245091599796247_n-724x1024.jpg\" alt=\"\" class=\"wp-image-790\" srcset=\"https:\/\/www.karateneuvilleenferrain.org\/NEW_CMS\/wp-content\/uploads\/2023\/12\/386472576_1408190819901177_6546245091599796247_n-724x1024.jpg 724w, https:\/\/www.karateneuvilleenferrain.org\/NEW_CMS\/wp-content\/uploads\/2023\/12\/386472576_1408190819901177_6546245091599796247_n-212x300.jpg 212w, https:\/\/www.karateneuvilleenferrain.org\/NEW_CMS\/wp-content\/uploads\/2023\/12\/386472576_1408190819901177_6546245091599796247_n-768x1086.jpg 768w, https:\/\/www.karateneuvilleenferrain.org\/NEW_CMS\/wp-content\/uploads\/2023\/12\/386472576_1408190819901177_6546245091599796247_n-1086x1536.jpg 1086w, https:\/\/www.karateneuvilleenferrain.org\/NEW_CMS\/wp-content\/uploads\/2023\/12\/386472576_1408190819901177_6546245091599796247_n.jpg 1448w\" sizes=\"auto, (max-width: 724px) 100vw, 724px\" \/><\/figure>\n\n\n\n<h1 class=\"wp-block-heading\"><strong>LE SAMEDI 14 ET LE DIMANCHE 15 OCTOBRE 2023:&nbsp; ROGER MENANT<\/strong><\/h1>\n\n\n\n<figure class=\"wp-block-image\"><img loading=\"lazy\" decoding=\"async\" width=\"843\" height=\"1193\" src=\"https:\/\/www.karateneuvilleenferrain.org\/NEW_CMS\/wp-content\/uploads\/2023\/07\/20230114_ROGER-MENANT.jpg\" alt=\"\" class=\"wp-image-700\" srcset=\"https:\/\/www.karateneuvilleenferrain.org\/NEW_CMS\/wp-content\/uploads\/2023\/07\/20230114_ROGER-MENANT.jpg 843w, https:\/\/www.karateneuvilleenferrain.org\/NEW_CMS\/wp-content\/uploads\/2023\/07\/20230114_ROGER-MENANT-212x300.jpg 212w, https:\/\/www.karateneuvilleenferrain.org\/NEW_CMS\/wp-content\/uploads\/2023\/07\/20230114_ROGER-MENANT-724x1024.jpg 724w, https:\/\/www.karateneuvilleenferrain.org\/NEW_CMS\/wp-content\/uploads\/2023\/07\/20230114_ROGER-MENANT-768x1087.jpg 768w\" sizes=\"auto, (max-width: 767px) 89vw, (max-width: 1000px) 54vw, (max-width: 1071px) 543px, 580px\" \/><\/figure>\n\n\n\n<h1 class=\"wp-block-heading\"><strong>LE SAMEDI 6 MAI 2023:&nbsp; HERVE DELAGE<\/strong><img loading=\"lazy\" decoding=\"async\" class=\"alignnone size-full wp-image-677\" src=\"https:\/\/www.karateneuvilleenferrain.org\/NEW_CMS\/wp-content\/uploads\/2023\/05\/20230506_Stage-Herve-DELAGE.jpg\" alt=\"\" width=\"1448\" height=\"2048\" srcset=\"https:\/\/www.karateneuvilleenferrain.org\/NEW_CMS\/wp-content\/uploads\/2023\/05\/20230506_Stage-Herve-DELAGE.jpg 1448w, https:\/\/www.karateneuvilleenferrain.org\/NEW_CMS\/wp-content\/uploads\/2023\/05\/20230506_Stage-Herve-DELAGE-212x300.jpg 212w, https:\/\/www.karateneuvilleenferrain.org\/NEW_CMS\/wp-content\/uploads\/2023\/05\/20230506_Stage-Herve-DELAGE-724x1024.jpg 724w, https:\/\/www.karateneuvilleenferrain.org\/NEW_CMS\/wp-content\/uploads\/2023\/05\/20230506_Stage-Herve-DELAGE-768x1086.jpg 768w, https:\/\/www.karateneuvilleenferrain.org\/NEW_CMS\/wp-content\/uploads\/2023\/05\/20230506_Stage-Herve-DELAGE-1086x1536.jpg 1086w\" sizes=\"auto, (max-width: 767px) 89vw, (max-width: 1000px) 54vw, (max-width: 1071px) 543px, 580px\" \/><\/h1>\n\n\n\n<h1 class=\"wp-block-heading\"><strong>LE SAMEDI 26 NOVEMBRE 2022:&nbsp; DANIEL LAUTIER<\/strong><\/h1>\n\n\n\n<figure class=\"wp-block-image\"><img loading=\"lazy\" decoding=\"async\" width=\"1195\" height=\"1691\" src=\"https:\/\/www.karateneuvilleenferrain.org\/NEW_CMS\/wp-content\/uploads\/2022\/11\/A2A3EB17F47549BCBF7B20540CCF6BA3-1.jpg\" alt=\"\" class=\"wp-image-672\" srcset=\"https:\/\/www.karateneuvilleenferrain.org\/NEW_CMS\/wp-content\/uploads\/2022\/11\/A2A3EB17F47549BCBF7B20540CCF6BA3-1.jpg 1195w, https:\/\/www.karateneuvilleenferrain.org\/NEW_CMS\/wp-content\/uploads\/2022\/11\/A2A3EB17F47549BCBF7B20540CCF6BA3-1-212x300.jpg 212w, https:\/\/www.karateneuvilleenferrain.org\/NEW_CMS\/wp-content\/uploads\/2022\/11\/A2A3EB17F47549BCBF7B20540CCF6BA3-1-724x1024.jpg 724w, https:\/\/www.karateneuvilleenferrain.org\/NEW_CMS\/wp-content\/uploads\/2022\/11\/A2A3EB17F47549BCBF7B20540CCF6BA3-1-768x1087.jpg 768w, https:\/\/www.karateneuvilleenferrain.org\/NEW_CMS\/wp-content\/uploads\/2022\/11\/A2A3EB17F47549BCBF7B20540CCF6BA3-1-1085x1536.jpg 1085w\" sizes=\"auto, (max-width: 767px) 89vw, (max-width: 1000px) 54vw, (max-width: 1071px) 543px, 580px\" \/><\/figure>\n\n\n\n<h1 class=\"wp-block-heading\"><strong>LE SAMEDI 26 MARS 2022:&nbsp; BENOIT DEFIVES<\/strong><\/h1>\n\n\n\n<figure class=\"wp-block-image\"><img loading=\"lazy\" decoding=\"async\" width=\"1414\" height=\"2000\" src=\"https:\/\/www.karateneuvilleenferrain.org\/NEW_CMS\/wp-content\/uploads\/2022\/03\/20220326_STAGE-BENOIT-DEFIVES.jpg\" alt=\"\" class=\"wp-image-656\" srcset=\"https:\/\/www.karateneuvilleenferrain.org\/NEW_CMS\/wp-content\/uploads\/2022\/03\/20220326_STAGE-BENOIT-DEFIVES.jpg 1414w, https:\/\/www.karateneuvilleenferrain.org\/NEW_CMS\/wp-content\/uploads\/2022\/03\/20220326_STAGE-BENOIT-DEFIVES-212x300.jpg 212w, https:\/\/www.karateneuvilleenferrain.org\/NEW_CMS\/wp-content\/uploads\/2022\/03\/20220326_STAGE-BENOIT-DEFIVES-724x1024.jpg 724w, https:\/\/www.karateneuvilleenferrain.org\/NEW_CMS\/wp-content\/uploads\/2022\/03\/20220326_STAGE-BENOIT-DEFIVES-768x1086.jpg 768w, https:\/\/www.karateneuvilleenferrain.org\/NEW_CMS\/wp-content\/uploads\/2022\/03\/20220326_STAGE-BENOIT-DEFIVES-1086x1536.jpg 1086w\" sizes=\"auto, (max-width: 767px) 89vw, (max-width: 1000px) 54vw, (max-width: 1071px) 543px, 580px\" \/><\/figure>\n\n\n\n<h1 class=\"wp-block-heading\"><strong>LE DIMANCHE 15 NOVEMBRE 2020 : HERVE DELAGE<\/strong><\/h1>\n\n\n\n<p>ANNULE POUR RAISON SANITAIRE<\/p>\n\n\n\n<h1 class=\"wp-block-heading\"><strong>LE SAMEDI 17 OCTOBRE 2020 : CHRISTIAN CLAUSE<\/strong><\/h1>\n\n\n\n<p>ANNULE POUR RAISON SANITAIRE<\/p>\n\n\n\n<h1 class=\"wp-block-heading\"><strong>LE SAMEDI 23 FEVRIER 2019 : ROGER MENANT<\/strong><\/h1>\n\n\n<div class=\"wp-block-image\">\n<figure class=\"aligncenter\"><img loading=\"lazy\" decoding=\"async\" width=\"720\" height=\"1018\" src=\"https:\/\/www.karateneuvilleenferrain.org\/NEW_CMS\/wp-content\/uploads\/2018\/10\/affiche-stage.jpg\" alt=\"\" class=\"wp-image-423\" srcset=\"https:\/\/www.karateneuvilleenferrain.org\/NEW_CMS\/wp-content\/uploads\/2018\/10\/affiche-stage.jpg 720w, https:\/\/www.karateneuvilleenferrain.org\/NEW_CMS\/wp-content\/uploads\/2018\/10\/affiche-stage-212x300.jpg 212w\" sizes=\"auto, (max-width: 720px) 100vw, 720px\" \/><\/figure>\n<\/div>\n\n\n<h1 class=\"wp-block-heading\"><strong>LE SAMEDI 15 DECEMBRE 2018 : Stage Multidisciplines<\/strong><\/h1>\n\n\n\n<figure class=\"wp-block-image\"><img loading=\"lazy\" decoding=\"async\" width=\"720\" height=\"1040\" src=\"https:\/\/www.karateneuvilleenferrain.org\/NEW_CMS\/wp-content\/uploads\/2018\/12\/Diapositive1.jpg\" alt=\"\" class=\"wp-image-425\" srcset=\"https:\/\/www.karateneuvilleenferrain.org\/NEW_CMS\/wp-content\/uploads\/2018\/12\/Diapositive1.jpg 720w, https:\/\/www.karateneuvilleenferrain.org\/NEW_CMS\/wp-content\/uploads\/2018\/12\/Diapositive1-208x300.jpg 208w, https:\/\/www.karateneuvilleenferrain.org\/NEW_CMS\/wp-content\/uploads\/2018\/12\/Diapositive1-709x1024.jpg 709w\" sizes=\"auto, (max-width: 720px) 100vw, 720px\" \/><\/figure>\n\n\n\n<h1 class=\"wp-block-heading\"><strong>DU DIMANCHE 5 AOUT AU JEUDI 9 AOUT 2018: 22\u00e8me EDITION DU STAGE D&rsquo;ETE \u00e0 BUGEAT<\/strong><\/h1>\n\n\n\n<p>Cette ann\u00e9e sera sp\u00e9ciale pour nous. nous avons \u00e0 coeur d&rsquo;honorer la m\u00e9moire de Keiichi Kasajima San et Danielle Lermusiaux.<\/p>\n\n\n<div class=\"wp-block-image\">\n<figure class=\"aligncenter\"><img loading=\"lazy\" decoding=\"async\" width=\"720\" height=\"1018\" src=\"https:\/\/www.karateneuvilleenferrain.org\/NEW_CMS\/wp-content\/uploads\/2018\/07\/Stage-Bugeat-18.jpg\" alt=\"\" class=\"wp-image-380\" srcset=\"https:\/\/www.karateneuvilleenferrain.org\/NEW_CMS\/wp-content\/uploads\/2018\/07\/Stage-Bugeat-18.jpg 720w, https:\/\/www.karateneuvilleenferrain.org\/NEW_CMS\/wp-content\/uploads\/2018\/07\/Stage-Bugeat-18-212x300.jpg 212w\" sizes=\"auto, (max-width: 720px) 100vw, 720px\" \/><\/figure>\n<\/div>\n\n\n<h1 class=\"wp-block-heading\"><strong>LE SAMEDI 16 DECEMBRE 2017: MARC DECROES<\/strong><\/h1>\n\n\n<div class=\"wp-block-image\">\n<figure class=\"aligncenter\"><img loading=\"lazy\" decoding=\"async\" width=\"1040\" height=\"720\" src=\"https:\/\/www.karateneuvilleenferrain.org\/NEW_CMS\/wp-content\/uploads\/2017\/12\/Projet-Affiche-Marc-decroes.pptx.jpg\" alt=\"\" class=\"wp-image-337\" srcset=\"https:\/\/www.karateneuvilleenferrain.org\/NEW_CMS\/wp-content\/uploads\/2017\/12\/Projet-Affiche-Marc-decroes.pptx.jpg 1040w, https:\/\/www.karateneuvilleenferrain.org\/NEW_CMS\/wp-content\/uploads\/2017\/12\/Projet-Affiche-Marc-decroes.pptx-300x208.jpg 300w, https:\/\/www.karateneuvilleenferrain.org\/NEW_CMS\/wp-content\/uploads\/2017\/12\/Projet-Affiche-Marc-decroes.pptx-768x532.jpg 768w, https:\/\/www.karateneuvilleenferrain.org\/NEW_CMS\/wp-content\/uploads\/2017\/12\/Projet-Affiche-Marc-decroes.pptx-1024x709.jpg 1024w\" sizes=\"auto, (max-width: 767px) 89vw, (max-width: 1000px) 54vw, (max-width: 1071px) 543px, 580px\" \/><\/figure>\n<\/div>\n\n\n<h1 class=\"wp-block-heading\"><strong>LE SAMEDI 2 DECEMBRE 2017: HERVE DELAGE<\/strong><\/h1>\n\n\n\n<figure class=\"wp-block-image\"><img loading=\"lazy\" decoding=\"async\" width=\"720\" height=\"960\" src=\"https:\/\/www.karateneuvilleenferrain.org\/NEW_CMS\/wp-content\/uploads\/2017\/10\/affiche-delage.jpg\" alt=\"\" class=\"wp-image-317\" srcset=\"https:\/\/www.karateneuvilleenferrain.org\/NEW_CMS\/wp-content\/uploads\/2017\/10\/affiche-delage.jpg 720w, https:\/\/www.karateneuvilleenferrain.org\/NEW_CMS\/wp-content\/uploads\/2017\/10\/affiche-delage-225x300.jpg 225w\" sizes=\"auto, (max-width: 720px) 100vw, 720px\" \/><\/figure>\n","protected":false},"excerpt":{"rendered":"<p>Vous trouverez ici les informations sur les stages que nous organisons. LE JEUDI 6 MARS 2025:\u00a0 KAZUHIRO SAWADA SHIHAN, 8EME DAN JKA LE DIMANCHE 16 FEVRIER 2025:&nbsp; JEAN LOUIS MOREL, 8EME DAN FFKARATE, EXPERT FEDERAL LE JEUDI 16 MAI 2024:&nbsp; KAZUHIRO SAWADA SHIHAN, 8EME DAN JKA LE SAMEDI 13 ET LE DIMANCHE 14 JANVIER 2024:&nbsp; &hellip; <\/p>\n<p class=\"link-more\"><a href=\"https:\/\/www.karateneuvilleenferrain.org\/NEW_CMS\/stages\/\" class=\"more-link\">Continuer la lecture<span class=\"screen-reader-text\"> de &laquo;&nbsp;Stages&nbsp;&raquo;<\/span><\/a><\/p>\n","protected":false},"author":1,"featured_media":0,"parent":0,"menu_order":0,"comment_status":"closed","ping_status":"closed","template":"","meta":{"footnotes":""},"class_list":["post-316","page","type-page","status-publish","hentry"],"aioseo_notices":[],"_links":{"self":[{"href":"https:\/\/www.karateneuvilleenferrain.org\/NEW_CMS\/wp-json\/wp\/v2\/pages\/316","targetHints":{"allow":["GET"]}}],"collection":[{"href":"https:\/\/www.karateneuvilleenferrain.org\/NEW_CMS\/wp-json\/wp\/v2\/pages"}],"about":[{"href":"https:\/\/www.karateneuvilleenferrain.org\/NEW_CMS\/wp-json\/wp\/v2\/types\/page"}],"author":[{"embeddable":true,"href":"https:\/\/www.karateneuvilleenferrain.org\/NEW_CMS\/wp-json\/wp\/v2\/users\/1"}],"replies":[{"embeddable":true,"href":"https:\/\/www.karateneuvilleenferrain.org\/NEW_CMS\/wp-json\/wp\/v2\/comments?post=316"}],"version-history":[{"count":26,"href":"https:\/\/www.karateneuvilleenferrain.org\/NEW_CMS\/wp-json\/wp\/v2\/pages\/316\/revisions"}],"predecessor-version":[{"id":841,"href":"https:\/\/www.karateneuvilleenferrain.org\/NEW_CMS\/wp-json\/wp\/v2\/pages\/316\/revisions\/841"}],"wp:attachment":[{"href":"https:\/\/www.karateneuvilleenferrain.org\/NEW_CMS\/wp-json\/wp\/v2\/media?parent=316"}],"curies":[{"name":"wp","href":"https:\/\/api.w.org\/{rel}","templated":true}]}}