{"id":7,"date":"2017-03-19T14:37:39","date_gmt":"2017-03-19T13:37:39","guid":{"rendered":"http:\/\/www.karateneuvilleenferrain.org\/NEW_CMS\/?page_id=7"},"modified":"2017-10-23T12:54:24","modified_gmt":"2017-10-23T10:54:24","slug":"accueil","status":"publish","type":"page","link":"https:\/\/www.karateneuvilleenferrain.org\/NEW_CMS\/stages\/accueil\/","title":{"rendered":"Bienvenue"},"content":{"rendered":"<p>Bienvenue sur le site du SKN !<\/p>\n<p>Vous trouverez sur ce site l&rsquo;essentiel des informations pour apprendre \u00e0 nous conna\u00eetre.<br \/>\nDes informations essentielles sur la vie de l&rsquo;association et son fonctionnement et des articles qui permettent d&rsquo;aller un peu plus loin dans la culture de l&rsquo;art martial.<br \/>\nN&rsquo;h\u00e9sitez pas \u00e0 nous envoyer vos commentaires pour que nous puissions travailler \u00e0 l&rsquo;am\u00e9lioration du site via la rubrique contact ou en r\u00e9action aux articles.<\/p>\n<p>Bonne visite!<\/p>\n<h2 class=\"widget-title\">Les pages du site<\/h2>\n<ul>\n<li class=\"page_item page-item-7\"><a href=\"https:\/\/www.karateneuvilleenferrain.org\/NEW_CMS\/accueil\/\">Bienvenue<\/a><\/li>\n<li class=\"page_item page-item-9\"><a href=\"https:\/\/www.karateneuvilleenferrain.org\/NEW_CMS\/contact\/\">Contact<\/a><\/li>\n<li class=\"page_item page-item-149\"><a href=\"https:\/\/www.karateneuvilleenferrain.org\/NEW_CMS\/horairesettarifs\/\">Horaires et tarifs<\/a><\/li>\n<li class=\"page_item page-item-8 page_item_has_children\"><a href=\"https:\/\/www.karateneuvilleenferrain.org\/NEW_CMS\/notreassociation\/\">Notre association<\/a>\n<ul class=\"children\">\n<li class=\"page_item page-item-175\"><a href=\"https:\/\/www.karateneuvilleenferrain.org\/NEW_CMS\/notreassociation\/le-comite-directeur\/\">Le comit\u00e9 directeur<\/a><\/li>\n<li class=\"page_item page-item-2\"><a href=\"https:\/\/www.karateneuvilleenferrain.org\/NEW_CMS\/notreassociation\/page-d-exemple\/\">Le professeur et l\u2019\u00e9quipe p\u00e9dagogique<\/a><\/li>\n<li class=\"page_item page-item-11\"><a href=\"https:\/\/www.karateneuvilleenferrain.org\/NEW_CMS\/notreassociation\/collegeceinturesnoires\/\">Le coll\u00e8ge des ceintures noires<\/a><\/li>\n<\/ul>\n<\/li>\n<li><a href=\"https:\/\/www.karateneuvilleenferrain.org\/NEW_CMS\/stages\/\">Stages<\/a><\/li>\n<\/ul>\n","protected":false},"excerpt":{"rendered":"<p>Bienvenue sur le site du SKN ! Vous trouverez sur ce site l&rsquo;essentiel des informations pour apprendre \u00e0 nous conna\u00eetre. Des informations essentielles sur la vie de l&rsquo;association et son fonctionnement et des articles qui permettent d&rsquo;aller un peu plus loin dans la culture de l&rsquo;art martial. N&rsquo;h\u00e9sitez pas \u00e0 nous envoyer vos commentaires pour &hellip; <\/p>\n<p class=\"link-more\"><a href=\"https:\/\/www.karateneuvilleenferrain.org\/NEW_CMS\/stages\/accueil\/\" class=\"more-link\">Continuer la lecture<span class=\"screen-reader-text\"> de &laquo;&nbsp;Bienvenue&nbsp;&raquo;<\/span><\/a><\/p>\n","protected":false},"author":1,"featured_media":0,"parent":316,"menu_order":0,"comment_status":"closed","ping_status":"closed","template":"","meta":{"footnotes":""},"class_list":["post-7","page","type-page","status-publish","hentry"],"aioseo_notices":[],"_links":{"self":[{"href":"https:\/\/www.karateneuvilleenferrain.org\/NEW_CMS\/wp-json\/wp\/v2\/pages\/7","targetHints":{"allow":["GET"]}}],"collection":[{"href":"https:\/\/www.karateneuvilleenferrain.org\/NEW_CMS\/wp-json\/wp\/v2\/pages"}],"about":[{"href":"https:\/\/www.karateneuvilleenferrain.org\/NEW_CMS\/wp-json\/wp\/v2\/types\/page"}],"author":[{"embeddable":true,"href":"https:\/\/www.karateneuvilleenferrain.org\/NEW_CMS\/wp-json\/wp\/v2\/users\/1"}],"replies":[{"embeddable":true,"href":"https:\/\/www.karateneuvilleenferrain.org\/NEW_CMS\/wp-json\/wp\/v2\/comments?post=7"}],"version-history":[{"count":9,"href":"https:\/\/www.karateneuvilleenferrain.org\/NEW_CMS\/wp-json\/wp\/v2\/pages\/7\/revisions"}],"predecessor-version":[{"id":325,"href":"https:\/\/www.karateneuvilleenferrain.org\/NEW_CMS\/wp-json\/wp\/v2\/pages\/7\/revisions\/325"}],"up":[{"embeddable":true,"href":"https:\/\/www.karateneuvilleenferrain.org\/NEW_CMS\/wp-json\/wp\/v2\/pages\/316"}],"wp:attachment":[{"href":"https:\/\/www.karateneuvilleenferrain.org\/NEW_CMS\/wp-json\/wp\/v2\/media?parent=7"}],"curies":[{"name":"wp","href":"https:\/\/api.w.org\/{rel}","templated":true}]}}